{"id":63,"date":"2012-11-03T15:59:35","date_gmt":"2012-11-03T14:59:35","guid":{"rendered":"http:\/\/www.mc-wolkersdorf.at\/wordpress\/?page_id=63"},"modified":"2025-12-13T12:34:37","modified_gmt":"2025-12-13T11:34:37","slug":"strasenfahrer","status":"publish","type":"page","link":"https:\/\/www.mc-wolkersdorf.at\/wordpress\/?page_id=63","title":{"rendered":"Stra\u00dfenfahrer"},"content":{"rendered":"<h1>Allgemeines zu MCW Ausfahrten<\/h1>\n<p>Tagesausfahrten finden ca. 1x monatlich(April-Oktober) statt (au\u00dfer Hochsommer!)<\/p>\n<p>Alle Ausfahrten werden hier, sowie mittels E-Mail\u00a0oder SMS bekanntgegeben.F\u00fcr die Jahreswertung z\u00e4hlen Ausfahrten mit mindestens 3 Clubmitgliedern!<\/p>\n<p><strong><span style=\"color: #ff0000;\">Letzte Ausfahrt:<\/span><br \/>\n<\/strong>Treffpunkt:<\/p>\n<p>Auch Nichtmitglieder sind herzlich willkommen!<\/p>\n<p><strong>Ausfahrten k\u00f6nnen von jedem Clubmitglied angesetzt werden.<\/strong> Um die Ausfahrt hier zu ver\u00f6ffentlichen, sende bitte ein email mit Angabe von Abfahrtsort, Zeit und der ungef\u00e4hren Route an den Schriftf\u00fchrer.<\/p>\n<p>Mehrtagesfahrten sind derzeit nicht geplant(mangelnde Teilnehmerzahl)!<\/p>\n<p>Mitglieder werden per email verst\u00e4ndigt!<\/p>\n<p>&nbsp;<\/p>\n<p>&nbsp;<\/p>\n<p>&nbsp;<\/p>\n","protected":false},"excerpt":{"rendered":"<p>Allgemeines zu MCW Ausfahrten Tagesausfahrten finden ca. 1x monatlich(April-Oktober) statt (au\u00dfer Hochsommer!) Alle Ausfahrten werden hier, sowie mittels E-Mail\u00a0oder SMS bekanntgegeben.F\u00fcr die Jahreswertung z\u00e4hlen Ausfahrten mit mindestens 3 Clubmitgliedern! Letzte Ausfahrt: Treffpunkt: Auch Nichtmitglieder sind herzlich willkommen! Ausfahrten k\u00f6nnen von &hellip; <a href=\"https:\/\/www.mc-wolkersdorf.at\/wordpress\/?page_id=63\">Weiterlesen <span class=\"meta-nav\">&rarr;<\/span><\/a><\/p>\n","protected":false},"author":1,"featured_media":0,"parent":0,"menu_order":0,"comment_status":"closed","ping_status":"closed","template":"","meta":{"ngg_post_thumbnail":0,"footnotes":""},"class_list":["post-63","page","type-page","status-publish","hentry"],"_links":{"self":[{"href":"https:\/\/www.mc-wolkersdorf.at\/wordpress\/index.php?rest_route=\/wp\/v2\/pages\/63","targetHints":{"allow":["GET"]}}],"collection":[{"href":"https:\/\/www.mc-wolkersdorf.at\/wordpress\/index.php?rest_route=\/wp\/v2\/pages"}],"about":[{"href":"https:\/\/www.mc-wolkersdorf.at\/wordpress\/index.php?rest_route=\/wp\/v2\/types\/page"}],"author":[{"embeddable":true,"href":"https:\/\/www.mc-wolkersdorf.at\/wordpress\/index.php?rest_route=\/wp\/v2\/users\/1"}],"replies":[{"embeddable":true,"href":"https:\/\/www.mc-wolkersdorf.at\/wordpress\/index.php?rest_route=%2Fwp%2Fv2%2Fcomments&post=63"}],"version-history":[{"count":214,"href":"https:\/\/www.mc-wolkersdorf.at\/wordpress\/index.php?rest_route=\/wp\/v2\/pages\/63\/revisions"}],"predecessor-version":[{"id":39408,"href":"https:\/\/www.mc-wolkersdorf.at\/wordpress\/index.php?rest_route=\/wp\/v2\/pages\/63\/revisions\/39408"}],"wp:attachment":[{"href":"https:\/\/www.mc-wolkersdorf.at\/wordpress\/index.php?rest_route=%2Fwp%2Fv2%2Fmedia&parent=63"}],"curies":[{"name":"wp","href":"https:\/\/api.w.org\/{rel}","templated":true}]}}