{"id":611,"date":"2012-11-26T13:28:01","date_gmt":"2012-11-26T12:28:01","guid":{"rendered":"http:\/\/www.mc-wolkersdorf.at\/wordpress\/?page_id=611"},"modified":"2020-11-23T17:47:21","modified_gmt":"2020-11-23T16:47:21","slug":"geschichte-des-mcw","status":"publish","type":"page","link":"https:\/\/www.mc-wolkersdorf.at\/wordpress\/?page_id=611","title":{"rendered":"Geschichte des MCW"},"content":{"rendered":"<p>Der Motorradclub Wolkersdorf wurde im M\u00e4rz 1982 gegr\u00fcndet.<\/p>\n<p>Gr\u00fcndungsmitglieder: Blasa Oswald, Gindl Andreas, Kitzler Herbert, Schilling Ernst\u00a0u. einige andere.<\/p>\n<p>Der Club wurde zun\u00e4chst als Motorradclub f\u00fcr Strassenfahrer gegr\u00fcndet und\u00a0nach Errichtung einer Motocrossstrecke wuchs die Anzahl der Mitglieder\u00a0stetig an.<\/p>\n<p>Die Clubfarben sind schwarz\/gelb.<\/p>\n<p>&nbsp;<\/p>\n<p>&nbsp;<\/p>\n","protected":false},"excerpt":{"rendered":"<p>Der Motorradclub Wolkersdorf wurde im M\u00e4rz 1982 gegr\u00fcndet. Gr\u00fcndungsmitglieder: Blasa Oswald, Gindl Andreas, Kitzler Herbert, Schilling Ernst\u00a0u. einige andere. Der Club wurde zun\u00e4chst als Motorradclub f\u00fcr Strassenfahrer gegr\u00fcndet und\u00a0nach Errichtung einer Motocrossstrecke wuchs die Anzahl der Mitglieder\u00a0stetig an. Die Clubfarben &hellip; <a href=\"https:\/\/www.mc-wolkersdorf.at\/wordpress\/?page_id=611\">Weiterlesen <span class=\"meta-nav\">&rarr;<\/span><\/a><\/p>\n","protected":false},"author":2,"featured_media":0,"parent":19,"menu_order":60,"comment_status":"closed","ping_status":"closed","template":"","meta":{"ngg_post_thumbnail":0,"footnotes":""},"class_list":["post-611","page","type-page","status-publish","hentry"],"_links":{"self":[{"href":"https:\/\/www.mc-wolkersdorf.at\/wordpress\/index.php?rest_route=\/wp\/v2\/pages\/611","targetHints":{"allow":["GET"]}}],"collection":[{"href":"https:\/\/www.mc-wolkersdorf.at\/wordpress\/index.php?rest_route=\/wp\/v2\/pages"}],"about":[{"href":"https:\/\/www.mc-wolkersdorf.at\/wordpress\/index.php?rest_route=\/wp\/v2\/types\/page"}],"author":[{"embeddable":true,"href":"https:\/\/www.mc-wolkersdorf.at\/wordpress\/index.php?rest_route=\/wp\/v2\/users\/2"}],"replies":[{"embeddable":true,"href":"https:\/\/www.mc-wolkersdorf.at\/wordpress\/index.php?rest_route=%2Fwp%2Fv2%2Fcomments&post=611"}],"version-history":[{"count":11,"href":"https:\/\/www.mc-wolkersdorf.at\/wordpress\/index.php?rest_route=\/wp\/v2\/pages\/611\/revisions"}],"predecessor-version":[{"id":14664,"href":"https:\/\/www.mc-wolkersdorf.at\/wordpress\/index.php?rest_route=\/wp\/v2\/pages\/611\/revisions\/14664"}],"up":[{"embeddable":true,"href":"https:\/\/www.mc-wolkersdorf.at\/wordpress\/index.php?rest_route=\/wp\/v2\/pages\/19"}],"wp:attachment":[{"href":"https:\/\/www.mc-wolkersdorf.at\/wordpress\/index.php?rest_route=%2Fwp%2Fv2%2Fmedia&parent=611"}],"curies":[{"name":"wp","href":"https:\/\/api.w.org\/{rel}","templated":true}]}}