{"id":17,"date":"2012-11-03T13:46:47","date_gmt":"2012-11-03T12:46:47","guid":{"rendered":"http:\/\/www.mc-wolkersdorf.at\/wordpress\/?page_id=17"},"modified":"2025-11-08T09:36:02","modified_gmt":"2025-11-08T08:36:02","slug":"generalversammlung","status":"publish","type":"page","link":"https:\/\/www.mc-wolkersdorf.at\/wordpress\/?page_id=17","title":{"rendered":"Generalversammlung"},"content":{"rendered":"<h1>Generalversammlung des MCW<\/h1>\n<p>Liebe Clubmitglieder!<\/p>\n<p>Am 07.November 2025 fand die\u00a0 Generalversammlung des Motorradclubs Wolkersdorf statt. Nach dem Bericht des Obmanns und des Kassiers wurde der alte Vorstand entlastet und folgende Mitglieder einstimmig <strong>f\u00fcr 2 Jahre<\/strong>(2026\/27) in den Vorstand gew\u00e4hlt:<\/p>\n<p>Obmann:\u00a0\u00a0\u00a0\u00a0\u00a0\u00a0\u00a0\u00a0Franz P\u00f6lzleithner\u00a0\u00a0\u00a0\u00a0\u00a0\u00a0\u00a0\u00a0\u00a0\u00a0\u00a0\u00a0\u00a0\u00a0\u00a0\u00a0\u00a0\u00a0\u00a0\u00a0 Stellvertreter:\u00a0 Achim Fibich<br \/>\nKassier\u00a0 :\u00a0\u00a0\u00a0\u00a0\u00a0\u00a0\u00a0\u00a0 Johann Kurka\u00a0 \u00a0 \u00a0 \u00a0 \u00a0 \u00a0 \u00a0 \u00a0 \u00a0 \u00a0 \u00a0 \u00a0 \u00a0 \u00a0Stellvertreter:\u00a0 Johann Wernhart<br \/>\nSchriftf\u00fchrerin: Alexandra Bernhart\u00a0 \u00a0 \u00a0 \u00a0 \u00a0 \u00a0 \u00a0 \u00a0 \u00a0 Stellvertreter: Franz Schuscha\u00a0 \u00a0 \u00a0 \u00a0 \u00a0 \u00a0 \u00a0 \u00a0 \u00a0 Markus B\u00f6hm und Christian Schmitmeier fungieren als Rechnungspr\u00fcfer.<\/p>\n<p>Thema: Vereinsaktivit\u00e4ten, Mitgliedsentwicklung und Veranstaltungsvorbereitung<\/p>\n<p>1. Medienpr\u00e4senz<br \/>\nDie aktuelle Medienpr\u00e4senz des Vereins wird als sehr positiv bewertet.<br \/>\n\u00d6ffentlichkeitsarbeit \u00fcber Social Media, lokale Presse und Vereinswebsite zeigt Wirkung.<br \/>\nZiel: Weiterhin regelm\u00e4\u00dfige Berichterstattung \u00fcber Veranstaltungen, Erfolge und besondere Aktionen, um Sichtbarkeit zu erh\u00f6hen und neue Mitglieder anzusprechen.<\/p>\n<p>2. Mitgliedertausch \/ Mitgliederentwicklung<br \/>\nDurch den Mitgliedertausch konnten bereits zahlreiche neue Mitglieder gewonnen werden.<br \/>\nDie Integration neuer Mitglieder verl\u00e4uft erfolgreich.<br \/>\nMa\u00dfnahmen zur weiteren Mitgliederbindung und Gewinnung von Interessierten werden angedacht (z.\u202fB. Informationsveranstaltungen, Probetrainings).<\/p>\n<p>3. Veranstaltungen und Gastfahrer<br \/>\nBei den bisherigen Veranstaltungen des Vereins konnten viele Gastfahrer begr\u00fc\u00dft werden.<br \/>\nDies steigert die Bekanntheit des Vereins \u00fcber die eigenen Mitglieder hinaus und f\u00f6rdert den Austausch innerhalb der Szene.<br \/>\nPositive R\u00fcckmeldungen von Gastfahrern deuten auf hohe Zufriedenheit und gute Organisation der Events hin.<\/p>\n<p>4. Lehrg\u00e4nge f\u00fcr Kinder und Neueinsteiger<br \/>\nEs werden Lehrg\u00e4nge f\u00fcr Kinder und Neueinsteiger geplant, um den Nachwuchs gezielt zu f\u00f6rdern.<br \/>\nZiel: Spa\u00df, Sicherheit und erste Erfolge beim Einstieg in den Sport vermitteln.<br \/>\nLehrg\u00e4nge sollen altersgerecht, praxisnah und motivierend gestaltet werden.<\/p>\n<p>5. Catering bei Veranstaltungen<br \/>\nEin neues Catering f\u00fcr Vereinsveranstaltungen befindet sich derzeit in der Abkl\u00e4rung.<br \/>\nZiel: Verbesserung des kulinarischen Angebots f\u00fcr Mitglieder und G\u00e4ste, Steigerung des Wohlf\u00fchlfaktors w\u00e4hrend Veranstaltungen.<br \/>\nN\u00e4chster Schritt: Entscheidung \u00fcber Anbieter und Men\u00fcauswahl.<\/p>\n<p>Beschl\u00fcsse \/ N\u00e4chste Schritte:<\/p>\n<p>1. Weiterf\u00fchrung der aktiven Medienarbeit, ggf. Ausbau der Social-Media-Pr\u00e4senz.<br \/>\n2. Planung konkreter Ma\u00dfnahmen f\u00fcr die Integration neuer Mitglieder.<br \/>\n3. Vorbereitung und Organisation der geplanten Lehrg\u00e4nge f\u00fcr Kinder und Neueinsteiger.<br \/>\n4. Entscheidung \u00fcber das neue Catering, ggf. Testlauf bei einer Veranstaltung.<br \/>\n5. Feedback von Gastfahrern sammeln, um zuk\u00fcnftige Events weiter zu optimieren.<\/p>\n<p>Die Termine f\u00fcr\u00a0Clubveranstaltungen werden weiterhin nicht mehr\u00a0f\u00fcr das ganze Jahr schon im J\u00e4nner festgelegt, sondern <strong>rechtzeitig\u00a0auf der homepage<\/strong> ver\u00f6ffentlicht und <strong>die Mitglieder informiert<\/strong>.<\/p>\n<p>Der Mitgliedsbeitrag bleibt f\u00fcr 2026 weiterhin gleichbleibend:\u00a0 \u00a0 \u00a0 \u00a0 \u00a0 \u00a0 \u00a0 \u00a0 \u00a0 \u00a0 \u00a0 \u00a0 \u00a0 \u00a0 \u00a0 \u00a0 \u00a0 \u00a0 \u00a0 <strong>EUR 150,- f. alle Mitglieder \u00fcber 16 Jahre! Einschreibgeb\u00fchr f\u00fcr Neueintritte e i n m a l i g\u00a0\u00a0 EUR 36,-!\u00a0 <\/strong><\/p>\n<p><strong>Kinder und Junioren(<\/strong>bis vollendetes 16. Jahr) <strong>EUR 80,-<br \/>\n<\/strong>Kinder und Junioren zahlen keine Einschreibgeb\u00fchr!!<\/p>\n<p><strong>\u00a0passive Mitglieder EUR 20,- ohne Einschreibgeb\u00fchr!<\/strong><\/p>\n<p style=\"text-align: left;\" align=\"center\"><strong>Der Clubbeitrag gilt immer <span style=\"text-decoration: underline;\">f\u00fcr ein Kalenderjahr<\/span>!! Bitte mittels Zahlschein oder \u00dcberweisung auf angef\u00fchrtes Konto einzahlen!\u00a0\u00a0\u00a0\u00a0\u00a0\u00a0\u00a0\u00a0\u00a0\u00a0\u00a0\u00a0\u00a0\u00a0\u00a0\u00a0\u00a0\u00a0\u00a0\u00a0\u00a0\u00a0\u00a0\u00a0\u00a0\u00a0 <\/strong><span style=\"color: #ff0000;\"><span style=\"color: #ff0000;\"><strong>BANKVERBINDUNG: RAIKA WOLKERSDORF!<\/strong><\/span> <\/span><strong>Zahlschein\/\u00dcberweisung<\/strong> <strong>bitte gut leserlich <\/strong>(BLOCKSCHRIFT) <strong>und vollst\u00e4ndig<\/strong> (Name und Adresse) ausf\u00fcllen<strong>! Gilt als Ausweis!!<\/strong> Junioren unbedingt das Geburtsdatum angeben!<\/p>\n<p><strong>Wichtig: <\/strong>Um Portokosten f\u00fcr zus\u00e4tzliche Aussendungen zu sparen ersuchen wir auf dem Einzahlungsbeleg die <strong>e-mailadresse<\/strong><strong> gut leserlich<\/strong>, sowie Handynummer(SMS) zu vermerken! Die neuen Zahlscheine sind kombiniert mit dem Mitgliedsausweis (Notfallskarte) gestaltet,\u00a0 <strong>immer mitzuf\u00fchren<\/strong> und beim Training gut sichtbar hinter der Windschutzscheibe anzubringen!\u00a0\u00a0\u00a0\u00a0\u00a0 S\u00e4mtliche Termine und Clubmitteilungen werden an Clubmitglieder versandt und k\u00f6nnen im Internet unter:\u00a0 <strong>ww.mc-wolkersdorf.at <\/strong>abgefragt werden!<\/p>\n<p style=\"text-align: center;\"><strong>Hunde m\u00fcssen am Motocrossgel\u00e4nde immer angeleint sein!!<\/strong><\/p>\n<p>Der Vorstand bedankt sich f\u00fcr das neuerliche Vertrauen, bittet um regen Besuch der Clubveranstaltungen und w\u00fcnscht erfolgreiche und vor allem unfallfreie Jahre. Die n\u00e4chste <strong>Generalversammlung findet im November 2027<\/strong>\u00a0statt!<\/p>\n<p style=\"text-align: center;\">Mit sportlichem Gru\u00df<\/p>\n<p align=\"center\">Der Vorstand des MCW<\/p>\n","protected":false},"excerpt":{"rendered":"<p>Generalversammlung des MCW Liebe Clubmitglieder! Am 07.November 2025 fand die\u00a0 Generalversammlung des Motorradclubs Wolkersdorf statt. Nach dem Bericht des Obmanns und des Kassiers wurde der alte Vorstand entlastet und folgende Mitglieder einstimmig f\u00fcr 2 Jahre(2026\/27) in den Vorstand gew\u00e4hlt: Obmann:\u00a0\u00a0\u00a0\u00a0\u00a0\u00a0\u00a0\u00a0Franz &hellip; <a href=\"https:\/\/www.mc-wolkersdorf.at\/wordpress\/?page_id=17\">Weiterlesen <span class=\"meta-nav\">&rarr;<\/span><\/a><\/p>\n","protected":false},"author":1,"featured_media":0,"parent":19,"menu_order":0,"comment_status":"closed","ping_status":"closed","template":"","meta":{"ngg_post_thumbnail":0,"footnotes":""},"class_list":["post-17","page","type-page","status-publish","hentry"],"_links":{"self":[{"href":"https:\/\/www.mc-wolkersdorf.at\/wordpress\/index.php?rest_route=\/wp\/v2\/pages\/17","targetHints":{"allow":["GET"]}}],"collection":[{"href":"https:\/\/www.mc-wolkersdorf.at\/wordpress\/index.php?rest_route=\/wp\/v2\/pages"}],"about":[{"href":"https:\/\/www.mc-wolkersdorf.at\/wordpress\/index.php?rest_route=\/wp\/v2\/types\/page"}],"author":[{"embeddable":true,"href":"https:\/\/www.mc-wolkersdorf.at\/wordpress\/index.php?rest_route=\/wp\/v2\/users\/1"}],"replies":[{"embeddable":true,"href":"https:\/\/www.mc-wolkersdorf.at\/wordpress\/index.php?rest_route=%2Fwp%2Fv2%2Fcomments&post=17"}],"version-history":[{"count":96,"href":"https:\/\/www.mc-wolkersdorf.at\/wordpress\/index.php?rest_route=\/wp\/v2\/pages\/17\/revisions"}],"predecessor-version":[{"id":38595,"href":"https:\/\/www.mc-wolkersdorf.at\/wordpress\/index.php?rest_route=\/wp\/v2\/pages\/17\/revisions\/38595"}],"up":[{"embeddable":true,"href":"https:\/\/www.mc-wolkersdorf.at\/wordpress\/index.php?rest_route=\/wp\/v2\/pages\/19"}],"wp:attachment":[{"href":"https:\/\/www.mc-wolkersdorf.at\/wordpress\/index.php?rest_route=%2Fwp%2Fv2%2Fmedia&parent=17"}],"curies":[{"name":"wp","href":"https:\/\/api.w.org\/{rel}","templated":true}]}}