{"id":12,"date":"2012-11-03T13:46:05","date_gmt":"2012-11-03T12:46:05","guid":{"rendered":"http:\/\/www.mc-wolkersdorf.at\/wordpress\/?page_id=12"},"modified":"2023-11-14T13:30:48","modified_gmt":"2023-11-14T12:30:48","slug":"motocross","status":"publish","type":"page","link":"https:\/\/www.mc-wolkersdorf.at\/wordpress\/?page_id=12","title":{"rendered":"Regeln"},"content":{"rendered":"<h1 style=\"text-align: left;\">GRUNDREGELN F\u00dcR DIE BEN\u00dcTZUNG DER MOTOCROSSSTRECKE<\/h1>\n<p style=\"text-align: left;\"><strong><span style=\"text-decoration: underline;\">Die Ben\u00fctzung der Motocrossstrecke&nbsp;ist ausschlie\u00dflich Mitgliedern des<\/span> <span style=\"text-decoration: underline;\">MCW&nbsp;gestattet<\/span><\/strong>.Widerrechtliches Handeln wird&nbsp;als Besitzst\u00f6rung geahndet!!<\/p>\n<p style=\"text-align: left;\">Vor dem Befahren der Strecke ist diese unbedingt auf eventuelle Hindernisse zu kontrollieren; <strong>das Trainieren erfolgt auf eigene Gefahr und ist nur auf der vorgegebenen Strecke erlaubt!! Bitte die Rasenfl\u00e4chen nicht befahren!!<\/strong><\/p>\n<h2 style=\"text-align: left;\"><span style=\"color: #ff0000;\">ACHTUNG! Training nur an Werktagen gestattet!<\/span><\/h2>\n<p style=\"text-align: left;\">TRAININGSZEITEN :<br \/>\nMai bis&nbsp; August: von 09:00 bis 19:00Uhr<br \/>\nSeptember bis April: von 10:00 bis 1 Stunde vor Sonnenuntergang!<br \/>\nDer jeweilige Sonnenuntergang kann in den Tageszeitungen nachgelesen werden.<\/p>\n<p style=\"text-align: center;\">Bei Teilnahme von Kindern (Automatik und 65ccm) beim Training gilt folgende Regelung: Zu jeder vollen Stunde: 20 Min. Kinder , danach 40 Min. gro\u00dfe Klassen!&nbsp; &nbsp; &nbsp; &nbsp; &nbsp; &nbsp;Alle die in der Kinderzeit fahren haben dann 40 Minuten Pause!<\/p>\n<p style=\"text-align: left;\"><strong>Unterlagsmatten f\u00fcr die Motorr\u00e4der sind beh\u00f6rdlich vorgeschrieben!!<\/strong> Ebenso bitte die Notfallskarte vollst\u00e4ndig ausgef\u00fcllt im Fahrzeug sichtbar hinterlegen!!<\/p>\n<p style=\"text-align: left;\">Das Trainieren ausserhalb der Strecke ist strengstens verboten! Fahren nur im Schritttempo!!<strong> \u00d6lwechseln ist innerhalb und ausserhalb der Strecke verboten!<\/strong><\/p>\n<p style=\"text-align: left;\">Fahren mit nur strassentauglichen Motorr\u00e4dern verboten! Verletzungsgefahr!!! (durch Scheinwerfer u.R\u00fcckspiegel) Fahren nur in der angezeigten Richtung erlaubt!<\/p>\n<p style=\"text-align: left;\">F\u00fcr die Reinhaltung der Strecke und des Fahrerlagers ist immer zu sorgen! <strong>Jede Person ist verpflichtet<\/strong>,<strong> seinen Abfall selbst zu entsorgen!<\/strong><\/p>\n<p style=\"text-align: left;\">Bei Verschmutzung wird die Strecke auf unbestimmte Zeit gesperrt!!<\/p>\n<p style=\"text-align: left;\">Jedes Mitglied ist berechtigt, einen ihm unbekannten Ben\u00fctzer der Strecke auf g\u00fcltige Mitgliedschaft(Zahlscheinabschnitt) zu kontrollieren! Sollte der Betroffene dies nicht vorweisen k\u00f6nnen, ist er von der Strecke zu verweisen und dem Vorstand zu melden! (Kennzeichen bitte notieren, Datum,Uhrzeit)!<\/p>\n<p style=\"text-align: left;\"><strong>Herr Ewald Raab ist berechtigt jeden Fahrer zu kontrollieren!<\/strong><\/p>\n<p style=\"text-align: center;\">Jeder Benutzer nimmt zur Kenntnis, dass er f\u00fcr jede Art von Schaden den er verursacht, pers\u00f6nlich bzw. sein Rechtsnachfolger verantwortlich ist. F\u00fcr etwaige Folgen muss er selbst aufkommen. Er verpflichtet sich, gegen\u00fcber dem Veranstalter keine wie immer gearteten Schadensanspr\u00fcche zu erheben. Weiters verpflichtet sich jeder Fahrer (inkl. Betreuer) sich den Anordnungen zu unterwerfen um optimale Sicherheit zu gew\u00e4hrleisten! <strong>Eltern haften f\u00fcr ihre Kinder!<\/strong><\/p>\n<p style=\"text-align: left;\" align=\"center\">Das Schloss muss nach dem \u00d6ffnen wieder eingeh\u00e4ngt und die Nummer verdreht werden um auszuschlie\u00dfen, dass Nichtmitglieder in den Besitz der Nummer kommen!<\/p>\n<p style=\"text-align: left;\"><strong><span style=\"color: #ff0000;\">Die&nbsp; Nummer&nbsp; darf&nbsp; nur&nbsp; an&nbsp; Mitglieder &nbsp;des &nbsp;MCW &nbsp;weitergegeben &nbsp;werden!<\/span><\/strong><\/p>\n<p style=\"text-align: left;\">Die Mitglieder werden ersucht die Regeln auch hinsichtlich der L\u00e4rmentwicklung einzuhalten, um die Beschwerden der Anrainer und der J\u00e4gerschaft in Grenzen zu halten!! !! Eine Missachtung f\u00fchrt zum sofortigen Clubausschluss!! <strong>Fahrten am Asphalt<\/strong> <strong>zum Reinigen der Reifen sind wegen der Wegverschmutzung verboten! Bitte nicht vergessen, der letzte Fahrer muss das Einfahrtstor verschliessen!!<\/strong><\/p>\n<p style=\"text-align: left;\">Der Vorstand des MCW<\/p>\n","protected":false},"excerpt":{"rendered":"<p>GRUNDREGELN F\u00dcR DIE BEN\u00dcTZUNG DER MOTOCROSSSTRECKE Die Ben\u00fctzung der Motocrossstrecke&nbsp;ist ausschlie\u00dflich Mitgliedern des MCW&nbsp;gestattet.Widerrechtliches Handeln wird&nbsp;als Besitzst\u00f6rung geahndet!! Vor dem Befahren der Strecke ist diese unbedingt auf eventuelle Hindernisse zu kontrollieren; das Trainieren erfolgt auf eigene Gefahr und ist nur &hellip; <a href=\"https:\/\/www.mc-wolkersdorf.at\/wordpress\/?page_id=12\">Weiterlesen <span class=\"meta-nav\">&rarr;<\/span><\/a><\/p>\n","protected":false},"author":1,"featured_media":0,"parent":0,"menu_order":0,"comment_status":"closed","ping_status":"closed","template":"","meta":{"ngg_post_thumbnail":0,"footnotes":""},"class_list":["post-12","page","type-page","status-publish","hentry"],"_links":{"self":[{"href":"https:\/\/www.mc-wolkersdorf.at\/wordpress\/index.php?rest_route=\/wp\/v2\/pages\/12","targetHints":{"allow":["GET"]}}],"collection":[{"href":"https:\/\/www.mc-wolkersdorf.at\/wordpress\/index.php?rest_route=\/wp\/v2\/pages"}],"about":[{"href":"https:\/\/www.mc-wolkersdorf.at\/wordpress\/index.php?rest_route=\/wp\/v2\/types\/page"}],"author":[{"embeddable":true,"href":"https:\/\/www.mc-wolkersdorf.at\/wordpress\/index.php?rest_route=\/wp\/v2\/users\/1"}],"replies":[{"embeddable":true,"href":"https:\/\/www.mc-wolkersdorf.at\/wordpress\/index.php?rest_route=%2Fwp%2Fv2%2Fcomments&post=12"}],"version-history":[{"count":49,"href":"https:\/\/www.mc-wolkersdorf.at\/wordpress\/index.php?rest_route=\/wp\/v2\/pages\/12\/revisions"}],"predecessor-version":[{"id":30673,"href":"https:\/\/www.mc-wolkersdorf.at\/wordpress\/index.php?rest_route=\/wp\/v2\/pages\/12\/revisions\/30673"}],"wp:attachment":[{"href":"https:\/\/www.mc-wolkersdorf.at\/wordpress\/index.php?rest_route=%2Fwp%2Fv2%2Fmedia&parent=12"}],"curies":[{"name":"wp","href":"https:\/\/api.w.org\/{rel}","templated":true}]}}